{"id":5604,"date":"2025-02-03T14:49:23","date_gmt":"2025-02-03T19:49:23","guid":{"rendered":"https:\/\/forsythjpm.org\/donar-criptomoneda\/"},"modified":"2025-03-31T14:17:31","modified_gmt":"2025-03-31T18:17:31","slug":"donar-criptomoneda","status":"publish","type":"page","link":"https:\/\/forsythjpm.org\/es\/donar-criptomoneda\/","title":{"rendered":"Donar criptomoneda"},"content":{"rendered":"\t\t<div data-elementor-type=\"wp-page\" data-elementor-id=\"5604\" class=\"elementor elementor-5604 elementor-5428\" data-elementor-post-type=\"page\">\n\t\t\t\t\t\t<section class=\"ob-is-breaking-bad elementor-section elementor-top-section elementor-element elementor-element-decf2fe elementor-section-boxed elementor-section-height-default elementor-section-height-default\" data-id=\"decf2fe\" data-element_type=\"section\" data-e-type=\"section\" data-settings=\"{&quot;_ob_bbad_use_it&quot;:&quot;yes&quot;,&quot;_ob_bbad_sssic_use&quot;:&quot;no&quot;,&quot;_ob_glider_is_slider&quot;:&quot;no&quot;}\">\n\t\t\t\t\t\t<div class=\"elementor-container elementor-column-gap-default\">\n\t\t\t\t\t<div class=\"elementor-column elementor-col-100 elementor-top-column elementor-element elementor-element-bca8b7a\" data-id=\"bca8b7a\" data-element_type=\"column\" data-e-type=\"column\" data-settings=\"{&quot;_ob_bbad_is_stalker&quot;:&quot;no&quot;,&quot;_ob_teleporter_use&quot;:false,&quot;_ob_column_hoveranimator&quot;:&quot;no&quot;,&quot;_ob_column_has_pseudo&quot;:&quot;no&quot;}\">\n\t\t\t<div class=\"elementor-widget-wrap elementor-element-populated\">\n\t\t\t\t\t\t<div class=\"elementor-element elementor-element-0f8da08 ob-harakiri-inherit ob-has-background-overlay elementor-widget elementor-widget-text-editor\" data-id=\"0f8da08\" data-element_type=\"widget\" data-e-type=\"widget\" data-settings=\"{&quot;_ob_use_harakiri&quot;:&quot;yes&quot;,&quot;_ob_harakiri_writing_mode&quot;:&quot;inherit&quot;,&quot;_ob_postman_use&quot;:&quot;no&quot;,&quot;_ob_perspektive_use&quot;:&quot;no&quot;,&quot;_ob_poopart_use&quot;:&quot;yes&quot;,&quot;_ob_shadough_use&quot;:&quot;no&quot;,&quot;_ob_allow_hoveranimator&quot;:&quot;no&quot;,&quot;_ob_widget_stalker_use&quot;:&quot;no&quot;}\" data-widget_type=\"text-editor.default\">\n\t\t\t\t<div class=\"elementor-widget-container\">\n\t\t\t\t\t\t\t\t\t<style>\n  .bitpay-donate { margin:20px 0;}\n  .bitpay-donate fieldset {border:0;}\n  .bitpay-donate .field-input { color: #666;background: #fff;border: 1px solid #eee;height: 30px;box-sizing: border-box;flex-grow: 1;}\n  .bitpay-donate .field-input-wrapper { display: inline-flex;float: none;width: 80%; }\n  .bitpay-donate input {padding:4px 10px;}\n  .bitpay-donate select {padding:3px 10px;}\n  .bitpay-donate .bitpay-donate-button {padding:12px 0;width: 188px;box-sizing: border-box;}\n  .bitpay-donate ul, .bitpay-donate li {padding:0;margin:0;list-style:none;}\n  .bitpay-donate li {padding:10px 0;}\n  .bitpay-donate-field {clear:both;}\n  .bitpay-donate-field label {float:left;width:100px;}\n  .bitpay-donate-field div {float:left;}\n  .bitpay-donate-field-email {width:80%;}\n  .bitpay-donate-field-price {width:40%;}\n  .bitpay-donate-field-currency {width:40%;}\n  .bitpay-donate-button-wrapper {clear:both;margin:auto;text-align:center;}\n  input.bitpay-donate-error {border:2px solid red;}\n  <\/style>\n  <form class=\"bitpay-donate\" action=\"https:\/\/bitpay.com\/checkout\" method=\"post\" onsubmit=\"return checkRequiredFields(this);\">\n    <input name=\"action\" type=\"hidden\" value=\"pasar por caja\">\n    <fieldset>\n      <ul>\n        <li class=\"bitpay-donate-field\">\n          <label>Correo electr\u00f3nico:<\/label>\n          <input class=\"bitpay-donate-field-email field-input required\" name=\"buyerEmail\" type=\"email\" placeholder=\"Direcci\u00f3n de correo electr\u00f3nico (obligatoria)\" maxlength=\"50\" autocapitalize=\"off\" autocorrect=\"off\"><br>\n        <\/li>\n        <input type=\"hidden\" name=\"orderID\">\n        <li class=\"bitpay-donate-field\">\n          <label>Nombre del donante:<\/label>\n          <input class=\"bitpay-donate-field-email field-input required\" name=\"buyerName\" type=\"text\" placeholder=\"Nombre del donante (obligatorio)\" maxlength=\"50\" autocapitalize=\"off\" autocorrect=\"off\"><br>\n        <\/li>\n        <li class=\"bitpay-donate-field\">\n          <label>Direcci\u00f3n del donante:<\/label>\n          <input class=\"bitpay-donate-field-email field-input required\" name=\"buyerAddress1\" type=\"text\" placeholder=\"Direcci\u00f3n del donante (obligatorio)\" maxlength=\"50\" autocapitalize=\"off\" autocorrect=\"off\"><br>\n        <\/li>\n        <li class=\"bitpay-donate-field\">\n          <label>N\u00famero de tel\u00e9fono del donante:<\/label>\n          <input class=\"bitpay-donate-field-email field-input required\" name=\"buyerPhone\" type=\"text\" placeholder=\"N\u00famero de tel\u00e9fono del donante (obligatorio)\" maxlength=\"50\" autocapitalize=\"off\" autocorrect=\"off\"><br>\n        <\/li>\n        <li class=\"bitpay-donate-field\">\n          <label>Importe:<\/label>\n          <div class=\"field-input-wrapper\">\n            <input class=\"bitpay-donate-field-price field-input\" name=\"price\" type=\"number\" value=\"10.00\" placeholder=\"Importe\" maxlength=\"10\" min=\"0.000006\" step=\"1e-8\">\n            <select class=\"bitpay-donate-field-currency field-input\" name=\"currency\" value=\"\">\n              <option selected value=\"USD\">USD<\/option>\n              <option value=\"BTC\">BTC<\/option>\n              <option value=\"EUR\">EUR<\/option>\n              <option value=\"GBP\">GBP<\/option>\n              <option value=\"AUD\">AUD<\/option>\n              <option value=\"BGN\">BGN<\/option>\n              <option value=\"BRL\">BRL<\/option>\n              <option value=\"CAD\">CAD<\/option>\n              <option value=\"CHF\">CHF<\/option>\n              <option value=\"CNY\">CNY<\/option>\n              <option value=\"CZK\">CZK<\/option>\n              <option value=\"DKK\">DKK<\/option>\n              <option value=\"HKD\">HKD<\/option>\n              <option value=\"HRK\">HRK<\/option>\n              <option value=\"HUF\">HUF<\/option>\n              <option value=\"IDR\">IDR<\/option>\n              <option value=\"ILS\">ILS<\/option>\n              <option value=\"INR\">INR<\/option>\n              <option value=\"JPY\">JPY<\/option>\n              <option value=\"KRW\">KRW<\/option>\n              <option value=\"LTL\">LTL<\/option>\n              <option value=\"LVL\">LVL<\/option>\n              <option value=\"MXN\">MXN<\/option>\n              <option value=\"MYR\">MYR<\/option>\n              <option value=\"NOK\">NOK<\/option>\n              <option value=\"NZD\">NZD<\/option>\n              <option value=\"PHP\">PHP<\/option>\n              <option value=\"PLN\">PLN<\/option>\n              <option value=\"RON\">RON<\/option>\n              <option value=\"RUB\">RUB<\/option>\n              <option value=\"SEK\">SEK<\/option>\n              <option value=\"SGD\">SGD<\/option>\n              <option value=\"THB\">THB<\/option>\n              <option value=\"PRUEBA\">PRUEBA<\/option>\n              <option value=\"ZAR\">ZAR<\/option>\n            <\/select>\n          <div>\n        <\/li>\n      \n      <input type=\"hidden\" name=\"data\" value=\"hpuNtzNjje8eD1n+1BzrsIHQytuHxibDrxIQX13ot55KtydEy9zkiwnTXhUFmfcyNr0T8jTUO6m4VdxwuwINgn3exUmOfQUdpkA59hIEWEPCnlo\/QGKMIH6oZMjoNkB6Ezn7s4\/dT0LVWjdiDNEGps4w8u6ZF6sRdByxmmhS3BCVAKnoYkXMEU4Kis992Mz1h66LNV324WsXbUvCFjiXkVy8AMS7QBP3QWZk+vQ3Rqs4dALfchtpgLgUoR6kCWZGxHXxos5yVIoqIafdSxM4ZbfMKWqwbz8hOV\/4Atq4Uc26rsgguW8MmcYWFaRrtBP9JWVjddsHEbFdOaVHlvQzVyMXvubR9Y6xO075rSSF3hY=\"> \n      <div class=\"bitpay-donate-button-wrapper\">\n        <input class=\"bitpay-donate-button\" name=\"submit\" src=\"https:\/\/bitpay.com\/cdn\/en_US\/bp-btn-donate-currencies.svg\" onerror=\"this.onerror=null; this.src='https:\/\/bitpay.com\/cdn\/en_US\/bp-btn-donate-currencies.svg'\" type=\"image\" alt=\"BitPay, la forma m\u00e1s f\u00e1cil de pagar con bitcoins.\">\n      <\/div>\n    \n  \n  <script type=\"text\/javascript\">\n  function checkRequiredFields(form){\n    var elements = form.elements;\n    var invalid = false;\n    for(var i=0; i<elements.length; i++) { elements[i].className = elements[i].className.replace('bitpay-donate-error', ''); if (elements[i].className.indexOf(\"required\") !== -1 &#038;&#038; elements[i].value.length <1) { elements[i].className = elements[i].className + ' bitpay-donate-error'; invalid = true; }; } if (invalid) { return false; } var donationElement = document.getElementById('donation-value'); if(donationElement){ var enteredDonation = Number(donationElement.value); var maximumDonation = Number(document.getElementById('reference-maximum').value); if(enteredDonation> maximumDonation){ \n        alert(\"Your donation was larger than the allowed maximum of \" + Number(maximumDonation).toFixed(2))\n        return false;\n      };\n    };\n    var buyerEmailField = document.querySelector('[name=\"buyerEmail\"]');\n    var orderIdField = document.querySelector('[name=\"orderID\"]');\n    if (buyerEmailField && orderIdField) {\n      orderIdField.value = buyerEmailField.value;\n    }\n    return true;\n  };\n  <!-- wpml:html_fragment <\/script>  --&gt;<\/div><\/div><\/li><\/ul><\/fieldset><\/form>\t\t\t\t\t\t\t\t<\/div>\n\t\t\t\t<\/div>\n\t\t\t\t\t<\/div>\n\t\t<\/div>\n\t\t\t\t\t<\/div>\n\t\t<\/section>\n\t\t\t\t<\/div>\n\t\t","protected":false},"excerpt":{"rendered":"<p>Correo electr\u00f3nico: Nombre del donante: Direcci\u00f3n del donante: N\u00famero de tel\u00e9fono del donante: Importe: USDBTCEURGBPAUDBGNBRLCADCHFCNYCZKDKKHKDHRKHUFIDRILSINRJPYKRWLTLLVLMXNMYRNOKNZDPHPPLNRONRUBSEKSGDTHBPRUEBAZAR &#8211;&gt;<\/p>\n","protected":false},"author":6,"featured_media":0,"parent":0,"menu_order":0,"comment_status":"closed","ping_status":"closed","template":"","meta":{"footnotes":""},"class_list":["post-5604","page","type-page","status-publish","hentry"],"yoast_head":"<!-- This site is optimized with the Yoast SEO plugin v27.3 - https:\/\/yoast.com\/product\/yoast-seo-wordpress\/ -->\n<title>Donar Criptomoneda | Forsyth Jail &amp; Prison Ministries<\/title>\n<meta name=\"description\" content=\"La criptomoneda puede donarse a Forsyth Jail &amp; Prison Ministries y se convierte instant\u00e1neamente en dinero en efectivo y se env\u00eda un cheque por correo a FJPM.\" \/>\n<meta name=\"robots\" content=\"index, follow, max-snippet:-1, max-image-preview:large, max-video-preview:-1\" \/>\n<link rel=\"canonical\" href=\"https:\/\/forsythjpm.org\/es\/donar-criptomoneda\/\" \/>\n<meta property=\"og:locale\" content=\"es_ES\" \/>\n<meta property=\"og:type\" content=\"article\" \/>\n<meta property=\"og:title\" content=\"Donar Criptomoneda | Forsyth Jail &amp; Prison Ministries\" \/>\n<meta property=\"og:description\" content=\"La criptomoneda puede donarse a Forsyth Jail &amp; Prison Ministries y se convierte instant\u00e1neamente en dinero en efectivo y se env\u00eda un cheque por correo a FJPM.\" \/>\n<meta property=\"og:url\" content=\"https:\/\/forsythjpm.org\/es\/donar-criptomoneda\/\" \/>\n<meta property=\"og:site_name\" content=\"Forsyth Jail &amp; Prison Ministries\" \/>\n<meta property=\"article:publisher\" content=\"https:\/\/www.facebook.com\/Forsyth-Jail-and-Prison-Ministries-173912358447\/\" \/>\n<meta property=\"article:modified_time\" content=\"2025-03-31T18:17:31+00:00\" \/>\n<meta property=\"og:image\" content=\"https:\/\/forsythjpm.org\/wp-content\/uploads\/2022\/10\/fjpm-facebook.jpg\" \/>\n\t<meta property=\"og:image:width\" content=\"1200\" \/>\n\t<meta property=\"og:image:height\" content=\"600\" \/>\n\t<meta property=\"og:image:type\" content=\"image\/jpeg\" \/>\n<meta name=\"twitter:card\" content=\"summary_large_image\" \/>\n<meta name=\"twitter:site\" content=\"@insidefjpm\" \/>\n<script type=\"application\/ld+json\" class=\"yoast-schema-graph\">{\"@context\":\"https:\\\/\\\/schema.org\",\"@graph\":[{\"@type\":\"WebPage\",\"@id\":\"https:\\\/\\\/forsythjpm.org\\\/es\\\/donar-criptomoneda\\\/\",\"url\":\"https:\\\/\\\/forsythjpm.org\\\/es\\\/donar-criptomoneda\\\/\",\"name\":\"Donar Criptomoneda | Forsyth Jail & Prison Ministries\",\"isPartOf\":{\"@id\":\"https:\\\/\\\/forsythjpm.org\\\/es\\\/#website\"},\"datePublished\":\"2025-02-03T19:49:23+00:00\",\"dateModified\":\"2025-03-31T18:17:31+00:00\",\"description\":\"La criptomoneda puede donarse a Forsyth Jail & Prison Ministries y se convierte instant\u00e1neamente en dinero en efectivo y se env\u00eda un cheque por correo a FJPM.\",\"breadcrumb\":{\"@id\":\"https:\\\/\\\/forsythjpm.org\\\/es\\\/donar-criptomoneda\\\/#breadcrumb\"},\"inLanguage\":\"es\",\"potentialAction\":[{\"@type\":\"ReadAction\",\"target\":[\"https:\\\/\\\/forsythjpm.org\\\/es\\\/donar-criptomoneda\\\/\"]}]},{\"@type\":\"BreadcrumbList\",\"@id\":\"https:\\\/\\\/forsythjpm.org\\\/es\\\/donar-criptomoneda\\\/#breadcrumb\",\"itemListElement\":[{\"@type\":\"ListItem\",\"position\":1,\"name\":\"Home\",\"item\":\"https:\\\/\\\/forsythjpm.org\\\/es\\\/\"},{\"@type\":\"ListItem\",\"position\":2,\"name\":\"Donar criptomoneda\"}]},{\"@type\":\"WebSite\",\"@id\":\"https:\\\/\\\/forsythjpm.org\\\/es\\\/#website\",\"url\":\"https:\\\/\\\/forsythjpm.org\\\/es\\\/\",\"name\":\"Forsyth Jail &amp; Prison Ministries\",\"description\":\"Helping inmates prepare for a life outside of prison.\",\"publisher\":{\"@id\":\"https:\\\/\\\/forsythjpm.org\\\/es\\\/#organization\"},\"potentialAction\":[{\"@type\":\"SearchAction\",\"target\":{\"@type\":\"EntryPoint\",\"urlTemplate\":\"https:\\\/\\\/forsythjpm.org\\\/es\\\/?s={search_term_string}\"},\"query-input\":{\"@type\":\"PropertyValueSpecification\",\"valueRequired\":true,\"valueName\":\"search_term_string\"}}],\"inLanguage\":\"es\"},{\"@type\":\"Organization\",\"@id\":\"https:\\\/\\\/forsythjpm.org\\\/es\\\/#organization\",\"name\":\"Forsyth Jail & Prison Ministries\",\"url\":\"https:\\\/\\\/forsythjpm.org\\\/es\\\/\",\"logo\":{\"@type\":\"ImageObject\",\"inLanguage\":\"es\",\"@id\":\"https:\\\/\\\/forsythjpm.org\\\/es\\\/#\\\/schema\\\/logo\\\/image\\\/\",\"url\":\"https:\\\/\\\/forsythjpm.org\\\/wp-content\\\/uploads\\\/2022\\\/10\\\/forsyth-color-logo.png\",\"contentUrl\":\"https:\\\/\\\/forsythjpm.org\\\/wp-content\\\/uploads\\\/2022\\\/10\\\/forsyth-color-logo.png\",\"width\":800,\"height\":271,\"caption\":\"Forsyth Jail & Prison Ministries\"},\"image\":{\"@id\":\"https:\\\/\\\/forsythjpm.org\\\/es\\\/#\\\/schema\\\/logo\\\/image\\\/\"},\"sameAs\":[\"https:\\\/\\\/www.facebook.com\\\/Forsyth-Jail-and-Prison-Ministries-173912358447\\\/\",\"https:\\\/\\\/x.com\\\/insidefjpm\",\"https:\\\/\\\/www.instagram.com\\\/insidefjpm\\\/\"]}]}<\/script>\n<!-- \/ Yoast SEO plugin. -->","yoast_head_json":{"title":"Donar Criptomoneda | Forsyth Jail & Prison Ministries","description":"La criptomoneda puede donarse a Forsyth Jail & Prison Ministries y se convierte instant\u00e1neamente en dinero en efectivo y se env\u00eda un cheque por correo a FJPM.","robots":{"index":"index","follow":"follow","max-snippet":"max-snippet:-1","max-image-preview":"max-image-preview:large","max-video-preview":"max-video-preview:-1"},"canonical":"https:\/\/forsythjpm.org\/es\/donar-criptomoneda\/","og_locale":"es_ES","og_type":"article","og_title":"Donar Criptomoneda | Forsyth Jail & Prison Ministries","og_description":"La criptomoneda puede donarse a Forsyth Jail & Prison Ministries y se convierte instant\u00e1neamente en dinero en efectivo y se env\u00eda un cheque por correo a FJPM.","og_url":"https:\/\/forsythjpm.org\/es\/donar-criptomoneda\/","og_site_name":"Forsyth Jail &amp; Prison Ministries","article_publisher":"https:\/\/www.facebook.com\/Forsyth-Jail-and-Prison-Ministries-173912358447\/","article_modified_time":"2025-03-31T18:17:31+00:00","og_image":[{"width":1200,"height":600,"url":"https:\/\/forsythjpm.org\/wp-content\/uploads\/2022\/10\/fjpm-facebook.jpg","type":"image\/jpeg"}],"twitter_card":"summary_large_image","twitter_site":"@insidefjpm","schema":{"@context":"https:\/\/schema.org","@graph":[{"@type":"WebPage","@id":"https:\/\/forsythjpm.org\/es\/donar-criptomoneda\/","url":"https:\/\/forsythjpm.org\/es\/donar-criptomoneda\/","name":"Donar Criptomoneda | Forsyth Jail & Prison Ministries","isPartOf":{"@id":"https:\/\/forsythjpm.org\/es\/#website"},"datePublished":"2025-02-03T19:49:23+00:00","dateModified":"2025-03-31T18:17:31+00:00","description":"La criptomoneda puede donarse a Forsyth Jail & Prison Ministries y se convierte instant\u00e1neamente en dinero en efectivo y se env\u00eda un cheque por correo a FJPM.","breadcrumb":{"@id":"https:\/\/forsythjpm.org\/es\/donar-criptomoneda\/#breadcrumb"},"inLanguage":"es","potentialAction":[{"@type":"ReadAction","target":["https:\/\/forsythjpm.org\/es\/donar-criptomoneda\/"]}]},{"@type":"BreadcrumbList","@id":"https:\/\/forsythjpm.org\/es\/donar-criptomoneda\/#breadcrumb","itemListElement":[{"@type":"ListItem","position":1,"name":"Home","item":"https:\/\/forsythjpm.org\/es\/"},{"@type":"ListItem","position":2,"name":"Donar criptomoneda"}]},{"@type":"WebSite","@id":"https:\/\/forsythjpm.org\/es\/#website","url":"https:\/\/forsythjpm.org\/es\/","name":"Forsyth Jail &amp; Prison Ministries","description":"Helping inmates prepare for a life outside of prison.","publisher":{"@id":"https:\/\/forsythjpm.org\/es\/#organization"},"potentialAction":[{"@type":"SearchAction","target":{"@type":"EntryPoint","urlTemplate":"https:\/\/forsythjpm.org\/es\/?s={search_term_string}"},"query-input":{"@type":"PropertyValueSpecification","valueRequired":true,"valueName":"search_term_string"}}],"inLanguage":"es"},{"@type":"Organization","@id":"https:\/\/forsythjpm.org\/es\/#organization","name":"Forsyth Jail & Prison Ministries","url":"https:\/\/forsythjpm.org\/es\/","logo":{"@type":"ImageObject","inLanguage":"es","@id":"https:\/\/forsythjpm.org\/es\/#\/schema\/logo\/image\/","url":"https:\/\/forsythjpm.org\/wp-content\/uploads\/2022\/10\/forsyth-color-logo.png","contentUrl":"https:\/\/forsythjpm.org\/wp-content\/uploads\/2022\/10\/forsyth-color-logo.png","width":800,"height":271,"caption":"Forsyth Jail & Prison Ministries"},"image":{"@id":"https:\/\/forsythjpm.org\/es\/#\/schema\/logo\/image\/"},"sameAs":["https:\/\/www.facebook.com\/Forsyth-Jail-and-Prison-Ministries-173912358447\/","https:\/\/x.com\/insidefjpm","https:\/\/www.instagram.com\/insidefjpm\/"]}]}},"meta_box":[],"_links":{"self":[{"href":"https:\/\/forsythjpm.org\/es\/wp-json\/wp\/v2\/pages\/5604","targetHints":{"allow":["GET"]}}],"collection":[{"href":"https:\/\/forsythjpm.org\/es\/wp-json\/wp\/v2\/pages"}],"about":[{"href":"https:\/\/forsythjpm.org\/es\/wp-json\/wp\/v2\/types\/page"}],"author":[{"embeddable":true,"href":"https:\/\/forsythjpm.org\/es\/wp-json\/wp\/v2\/users\/6"}],"replies":[{"embeddable":true,"href":"https:\/\/forsythjpm.org\/es\/wp-json\/wp\/v2\/comments?post=5604"}],"version-history":[{"count":1,"href":"https:\/\/forsythjpm.org\/es\/wp-json\/wp\/v2\/pages\/5604\/revisions"}],"predecessor-version":[{"id":5605,"href":"https:\/\/forsythjpm.org\/es\/wp-json\/wp\/v2\/pages\/5604\/revisions\/5605"}],"wp:attachment":[{"href":"https:\/\/forsythjpm.org\/es\/wp-json\/wp\/v2\/media?parent=5604"}],"curies":[{"name":"wp","href":"https:\/\/api.w.org\/{rel}","templated":true}]}}