{"id":4957,"date":"2023-10-09T13:39:14","date_gmt":"2023-10-09T17:39:14","guid":{"rendered":"https:\/\/forsythjpm.org\/oportunidades-de-trabajo-en-el-ministerio\/"},"modified":"2026-02-05T14:43:54","modified_gmt":"2026-02-05T19:43:54","slug":"oportunidades-de-trabajo-en-el-ministerio","status":"publish","type":"page","link":"https:\/\/forsythjpm.org\/es\/oportunidades-de-trabajo-en-el-ministerio\/","title":{"rendered":"Oportunidades de trabajo en el Ministerio"},"content":{"rendered":"\t\t<div data-elementor-type=\"wp-page\" data-elementor-id=\"4957\" class=\"elementor elementor-4957 elementor-3702\" data-elementor-post-type=\"page\">\n\t\t\t\t\t\t<section class=\"ob-is-breaking-bad elementor-section elementor-top-section elementor-element elementor-element-2137cb0e elementor-section-height-min-height elementor-section-items-bottom elementor-section-boxed elementor-section-height-default\" data-id=\"2137cb0e\" data-element_type=\"section\" data-e-type=\"section\" data-settings=\"{&quot;background_background&quot;:&quot;classic&quot;,&quot;_ob_bbad_use_it&quot;:&quot;yes&quot;,&quot;_ob_bbad_sssic_use&quot;:&quot;no&quot;,&quot;_ob_glider_is_slider&quot;:&quot;no&quot;}\">\n\t\t\t\t\t\t<div class=\"elementor-container elementor-column-gap-default\">\n\t\t\t\t\t<div class=\"elementor-column elementor-col-100 elementor-top-column elementor-element elementor-element-3831fc8b\" data-id=\"3831fc8b\" data-element_type=\"column\" data-e-type=\"column\" data-settings=\"{&quot;_ob_bbad_is_stalker&quot;:&quot;no&quot;,&quot;_ob_teleporter_use&quot;:false,&quot;_ob_column_hoveranimator&quot;:&quot;no&quot;,&quot;_ob_column_has_pseudo&quot;:&quot;no&quot;}\">\n\t\t\t<div class=\"elementor-widget-wrap elementor-element-populated\">\n\t\t\t\t\t\t<div class=\"elementor-element elementor-element-530bc4d1 elementor-widget__width-auto ob-harakiri-inherit ob-has-background-overlay elementor-widget elementor-widget-heading\" data-id=\"530bc4d1\" data-element_type=\"widget\" data-e-type=\"widget\" data-settings=\"{&quot;_ob_use_harakiri&quot;:&quot;yes&quot;,&quot;_ob_harakiri_writing_mode&quot;:&quot;inherit&quot;,&quot;_ob_harakiri_text_clip&quot;:&quot;none&quot;,&quot;_ob_perspektive_use&quot;:&quot;no&quot;,&quot;_ob_poopart_use&quot;:&quot;yes&quot;,&quot;_ob_shadough_use&quot;:&quot;no&quot;,&quot;_ob_allow_hoveranimator&quot;:&quot;no&quot;,&quot;_ob_widget_stalker_use&quot;:&quot;no&quot;}\" data-widget_type=\"heading.default\">\n\t\t\t\t<div class=\"elementor-widget-container\">\n\t\t\t\t\t<h1 class=\"elementor-heading-title elementor-size-default\">Oportunidades de trabajo en el Ministerio<\/h1>\t\t\t\t<\/div>\n\t\t\t\t<\/div>\n\t\t\t\t\t<\/div>\n\t\t<\/div>\n\t\t\t\t\t<\/div>\n\t\t<\/section>\n\t\t\t\t<section class=\"ob-is-breaking-bad elementor-section elementor-top-section elementor-element elementor-element-b5f727f elementor-section-boxed elementor-section-height-default elementor-section-height-default\" data-id=\"b5f727f\" data-element_type=\"section\" data-e-type=\"section\" data-settings=\"{&quot;_ob_bbad_use_it&quot;:&quot;yes&quot;,&quot;_ob_bbad_sssic_use&quot;:&quot;no&quot;,&quot;_ob_glider_is_slider&quot;:&quot;no&quot;}\">\n\t\t\t\t\t\t<div class=\"elementor-container elementor-column-gap-default\">\n\t\t\t\t\t<div class=\"elementor-column elementor-col-100 elementor-top-column elementor-element elementor-element-12ad326\" data-id=\"12ad326\" data-element_type=\"column\" data-e-type=\"column\" data-settings=\"{&quot;_ob_bbad_is_stalker&quot;:&quot;no&quot;,&quot;_ob_teleporter_use&quot;:false,&quot;_ob_column_hoveranimator&quot;:&quot;no&quot;,&quot;_ob_column_has_pseudo&quot;:&quot;no&quot;}\">\n\t\t\t<div class=\"elementor-widget-wrap\">\n\t\t\t\t\t\t\t<\/div>\n\t\t<\/div>\n\t\t\t\t\t<\/div>\n\t\t<\/section>\n\t\t\t\t<section class=\"ob-is-breaking-bad elementor-section elementor-top-section elementor-element elementor-element-9911ead elementor-section-boxed elementor-section-height-default elementor-section-height-default\" data-id=\"9911ead\" data-element_type=\"section\" data-e-type=\"section\" data-settings=\"{&quot;_ob_bbad_use_it&quot;:&quot;yes&quot;,&quot;_ob_bbad_sssic_use&quot;:&quot;no&quot;,&quot;_ob_glider_is_slider&quot;:&quot;no&quot;}\">\n\t\t\t\t\t\t<div class=\"elementor-container elementor-column-gap-default\">\n\t\t\t\t\t<div class=\"elementor-column elementor-col-100 elementor-top-column elementor-element elementor-element-13fbe0e\" data-id=\"13fbe0e\" data-element_type=\"column\" data-e-type=\"column\" data-settings=\"{&quot;_ob_bbad_is_stalker&quot;:&quot;no&quot;,&quot;_ob_teleporter_use&quot;:false,&quot;_ob_column_hoveranimator&quot;:&quot;no&quot;,&quot;_ob_column_has_pseudo&quot;:&quot;no&quot;}\">\n\t\t\t<div class=\"elementor-widget-wrap elementor-element-populated\">\n\t\t\t\t\t\t<div class=\"elementor-element elementor-element-707fc7b ob-harakiri-inherit ob-has-background-overlay elementor-widget elementor-widget-text-editor\" data-id=\"707fc7b\" data-element_type=\"widget\" data-e-type=\"widget\" data-settings=\"{&quot;_ob_use_harakiri&quot;:&quot;yes&quot;,&quot;_ob_harakiri_writing_mode&quot;:&quot;inherit&quot;,&quot;_ob_postman_use&quot;:&quot;no&quot;,&quot;_ob_perspektive_use&quot;:&quot;no&quot;,&quot;_ob_poopart_use&quot;:&quot;yes&quot;,&quot;_ob_shadough_use&quot;:&quot;no&quot;,&quot;_ob_allow_hoveranimator&quot;:&quot;no&quot;,&quot;_ob_widget_stalker_use&quot;:&quot;no&quot;}\" data-widget_type=\"text-editor.default\">\n\t\t\t\t<div class=\"elementor-widget-container\">\n\t\t\t\t\t\t\t\t\t<p><span style=\"color: var( --e-global-color-primary ); font-family: var( --e-global-typography-primary-font-family ), Sans-serif; font-size: 1.5rem; font-weight: var( --e-global-typography-primary-font-weight );\">Capell\u00e1n<\/span><\/p><p><span style=\"font-family: var( --e-global-typography-text-font-family ), Sans-serif; font-size: 12pt; font-weight: var( --e-global-typography-text-font-weight );\">El Capell\u00e1n cumple las responsabilidades ministeriales y program\u00e1ticas asignadas en diversos lugares: el centro de detenci\u00f3n, el centro penitenciario, las iglesias y la comunidad en general. El centro de detenci\u00f3n y el centro correccional de Winston-Salem son los principales lugares de servicio. El Capell\u00e1n presta servicios directos a los reclusos, al personal institucional y a sus familias. Las cuatro \u00e1reas del ministerio son: apoyo pastoral, voluntarios, administraci\u00f3n y relaciones con la comunidad. Los actos espec\u00edficos del ministerio incluyen el asesoramiento, la planificaci\u00f3n de programas, la supervisi\u00f3n de voluntarios y la promoci\u00f3n de la concienciaci\u00f3n comunitaria. El Capell\u00e1n cumple \u00e9stas y otras responsabilidades asignadas bajo la direcci\u00f3n del Capell\u00e1n Mayor, el Comit\u00e9 de Personal y la Junta Directiva.  <\/span><\/p><p><span style=\"font-size: 16px;\">Para leer la descripci\u00f3n completa del puesto, haz clic <\/span><a href=\"https:\/\/forsythjpm.org\/wp-content\/uploads\/2026\/02\/Chaplain-job-description-2026.pdf\">aqu\u00ed<\/a><span style=\"font-size: 16px;\">.<\/span><\/p>\t\t\t\t\t\t\t\t<\/div>\n\t\t\t\t<\/div>\n\t\t\t\t<div class=\"elementor-element elementor-element-7f6f1ee ob-has-background-overlay elementor-widget elementor-widget-button\" data-id=\"7f6f1ee\" data-element_type=\"widget\" data-e-type=\"widget\" data-settings=\"{&quot;_ob_butterbutton_use_it&quot;:&quot;no&quot;,&quot;_ob_perspektive_use&quot;:&quot;no&quot;,&quot;_ob_poopart_use&quot;:&quot;yes&quot;,&quot;_ob_shadough_use&quot;:&quot;no&quot;,&quot;_ob_allow_hoveranimator&quot;:&quot;no&quot;,&quot;_ob_widget_stalker_use&quot;:&quot;no&quot;}\" data-widget_type=\"button.default\">\n\t\t\t\t<div class=\"elementor-widget-container\">\n\t\t\t\t\t\t\t\t\t<div class=\"elementor-button-wrapper\">\n\t\t\t\t\t<a class=\"elementor-button elementor-button-link elementor-size-sm\" href=\"https:\/\/forsythjpm.org\/wp-content\/uploads\/2026\/02\/Chaplain-position-information-letter.pdf\" target=\"_blank\">\n\t\t\t\t\t\t<span class=\"elementor-button-content-wrapper\">\n\t\t\t\t\t\t\t\t\t<span class=\"elementor-button-text\">Solicitar este trabajo<\/span>\n\t\t\t\t\t<\/span>\n\t\t\t\t\t<\/a>\n\t\t\t\t<\/div>\n\t\t\t\t\t\t\t\t<\/div>\n\t\t\t\t<\/div>\n\t\t\t\t<div class=\"elementor-element elementor-element-a04d70c elementor-widget-divider--view-line ob-has-background-overlay elementor-widget elementor-widget-divider\" data-id=\"a04d70c\" data-element_type=\"widget\" data-e-type=\"widget\" data-settings=\"{&quot;_ob_perspektive_use&quot;:&quot;no&quot;,&quot;_ob_poopart_use&quot;:&quot;yes&quot;,&quot;_ob_shadough_use&quot;:&quot;no&quot;,&quot;_ob_allow_hoveranimator&quot;:&quot;no&quot;,&quot;_ob_widget_stalker_use&quot;:&quot;no&quot;}\" data-widget_type=\"divider.default\">\n\t\t\t\t<div class=\"elementor-widget-container\">\n\t\t\t\t\t\t\t<div class=\"elementor-divider\">\n\t\t\t<span class=\"elementor-divider-separator\">\n\t\t\t\t\t\t<\/span>\n\t\t<\/div>\n\t\t\t\t\t\t<\/div>\n\t\t\t\t<\/div>\n\t\t\t\t\t<\/div>\n\t\t<\/div>\n\t\t\t\t\t<\/div>\n\t\t<\/section>\n\t\t\t\t<\/div>\n\t\t","protected":false},"excerpt":{"rendered":"<p>Oportunidades de trabajo en el Ministerio Capell\u00e1n El Capell\u00e1n cumple las responsabilidades ministeriales y program\u00e1ticas asignadas en diversos lugares: el centro de detenci\u00f3n, el centro penitenciario, las iglesias y la comunidad en general. El centro de detenci\u00f3n y el centro correccional de Winston-Salem son los principales lugares de servicio. El Capell\u00e1n presta servicios directos a [&hellip;]<\/p>\n","protected":false},"author":1,"featured_media":0,"parent":0,"menu_order":0,"comment_status":"closed","ping_status":"closed","template":"","meta":{"footnotes":""},"class_list":["post-4957","page","type-page","status-publish","hentry"],"yoast_head":"<!-- This site is optimized with the Yoast SEO plugin v27.3 - https:\/\/yoast.com\/product\/yoast-seo-wordpress\/ -->\n<title>Oportunidades de trabajo en el Ministerio - Forsyth Jail &amp; Prison Ministries<\/title>\n<meta name=\"robots\" content=\"index, follow, max-snippet:-1, max-image-preview:large, max-video-preview:-1\" \/>\n<link rel=\"canonical\" href=\"https:\/\/forsythjpm.org\/es\/oportunidades-de-trabajo-en-el-ministerio\/\" \/>\n<meta property=\"og:locale\" content=\"es_ES\" \/>\n<meta property=\"og:type\" content=\"article\" \/>\n<meta property=\"og:title\" content=\"Oportunidades de trabajo en el Ministerio - Forsyth Jail &amp; Prison Ministries\" \/>\n<meta property=\"og:description\" content=\"Oportunidades de trabajo en el Ministerio Capell\u00e1n El Capell\u00e1n cumple las responsabilidades ministeriales y program\u00e1ticas asignadas en diversos lugares: el centro de detenci\u00f3n, el centro penitenciario, las iglesias y la comunidad en general. El centro de detenci\u00f3n y el centro correccional de Winston-Salem son los principales lugares de servicio. El Capell\u00e1n presta servicios directos a [&hellip;]\" \/>\n<meta property=\"og:url\" content=\"https:\/\/forsythjpm.org\/es\/oportunidades-de-trabajo-en-el-ministerio\/\" \/>\n<meta property=\"og:site_name\" content=\"Forsyth Jail &amp; Prison Ministries\" \/>\n<meta property=\"article:publisher\" content=\"https:\/\/www.facebook.com\/Forsyth-Jail-and-Prison-Ministries-173912358447\/\" \/>\n<meta property=\"article:modified_time\" content=\"2026-02-05T19:43:54+00:00\" \/>\n<meta property=\"og:image\" content=\"https:\/\/forsythjpm.org\/wp-content\/uploads\/2022\/10\/fjpm-facebook.jpg\" \/>\n\t<meta property=\"og:image:width\" content=\"1200\" \/>\n\t<meta property=\"og:image:height\" content=\"600\" \/>\n\t<meta property=\"og:image:type\" content=\"image\/jpeg\" \/>\n<meta name=\"twitter:card\" content=\"summary_large_image\" \/>\n<meta name=\"twitter:site\" content=\"@insidefjpm\" \/>\n<meta name=\"twitter:label1\" content=\"Tiempo de lectura\" \/>\n\t<meta name=\"twitter:data1\" content=\"1 minuto\" \/>\n<script type=\"application\/ld+json\" class=\"yoast-schema-graph\">{\"@context\":\"https:\\\/\\\/schema.org\",\"@graph\":[{\"@type\":\"WebPage\",\"@id\":\"https:\\\/\\\/forsythjpm.org\\\/es\\\/oportunidades-de-trabajo-en-el-ministerio\\\/\",\"url\":\"https:\\\/\\\/forsythjpm.org\\\/es\\\/oportunidades-de-trabajo-en-el-ministerio\\\/\",\"name\":\"Oportunidades de trabajo en el Ministerio - Forsyth Jail &amp; Prison Ministries\",\"isPartOf\":{\"@id\":\"https:\\\/\\\/forsythjpm.org\\\/es\\\/#website\"},\"datePublished\":\"2023-10-09T17:39:14+00:00\",\"dateModified\":\"2026-02-05T19:43:54+00:00\",\"breadcrumb\":{\"@id\":\"https:\\\/\\\/forsythjpm.org\\\/es\\\/oportunidades-de-trabajo-en-el-ministerio\\\/#breadcrumb\"},\"inLanguage\":\"es\",\"potentialAction\":[{\"@type\":\"ReadAction\",\"target\":[\"https:\\\/\\\/forsythjpm.org\\\/es\\\/oportunidades-de-trabajo-en-el-ministerio\\\/\"]}]},{\"@type\":\"BreadcrumbList\",\"@id\":\"https:\\\/\\\/forsythjpm.org\\\/es\\\/oportunidades-de-trabajo-en-el-ministerio\\\/#breadcrumb\",\"itemListElement\":[{\"@type\":\"ListItem\",\"position\":1,\"name\":\"Home\",\"item\":\"https:\\\/\\\/forsythjpm.org\\\/es\\\/\"},{\"@type\":\"ListItem\",\"position\":2,\"name\":\"Oportunidades de trabajo en el Ministerio\"}]},{\"@type\":\"WebSite\",\"@id\":\"https:\\\/\\\/forsythjpm.org\\\/es\\\/#website\",\"url\":\"https:\\\/\\\/forsythjpm.org\\\/es\\\/\",\"name\":\"Forsyth Jail &amp; Prison Ministries\",\"description\":\"Helping inmates prepare for a life outside of prison.\",\"publisher\":{\"@id\":\"https:\\\/\\\/forsythjpm.org\\\/es\\\/#organization\"},\"potentialAction\":[{\"@type\":\"SearchAction\",\"target\":{\"@type\":\"EntryPoint\",\"urlTemplate\":\"https:\\\/\\\/forsythjpm.org\\\/es\\\/?s={search_term_string}\"},\"query-input\":{\"@type\":\"PropertyValueSpecification\",\"valueRequired\":true,\"valueName\":\"search_term_string\"}}],\"inLanguage\":\"es\"},{\"@type\":\"Organization\",\"@id\":\"https:\\\/\\\/forsythjpm.org\\\/es\\\/#organization\",\"name\":\"Forsyth Jail & Prison Ministries\",\"url\":\"https:\\\/\\\/forsythjpm.org\\\/es\\\/\",\"logo\":{\"@type\":\"ImageObject\",\"inLanguage\":\"es\",\"@id\":\"https:\\\/\\\/forsythjpm.org\\\/es\\\/#\\\/schema\\\/logo\\\/image\\\/\",\"url\":\"https:\\\/\\\/forsythjpm.org\\\/wp-content\\\/uploads\\\/2022\\\/10\\\/forsyth-color-logo.png\",\"contentUrl\":\"https:\\\/\\\/forsythjpm.org\\\/wp-content\\\/uploads\\\/2022\\\/10\\\/forsyth-color-logo.png\",\"width\":800,\"height\":271,\"caption\":\"Forsyth Jail & Prison Ministries\"},\"image\":{\"@id\":\"https:\\\/\\\/forsythjpm.org\\\/es\\\/#\\\/schema\\\/logo\\\/image\\\/\"},\"sameAs\":[\"https:\\\/\\\/www.facebook.com\\\/Forsyth-Jail-and-Prison-Ministries-173912358447\\\/\",\"https:\\\/\\\/x.com\\\/insidefjpm\",\"https:\\\/\\\/www.instagram.com\\\/insidefjpm\\\/\"]}]}<\/script>\n<!-- \/ Yoast SEO plugin. -->","yoast_head_json":{"title":"Oportunidades de trabajo en el Ministerio - Forsyth Jail &amp; Prison Ministries","robots":{"index":"index","follow":"follow","max-snippet":"max-snippet:-1","max-image-preview":"max-image-preview:large","max-video-preview":"max-video-preview:-1"},"canonical":"https:\/\/forsythjpm.org\/es\/oportunidades-de-trabajo-en-el-ministerio\/","og_locale":"es_ES","og_type":"article","og_title":"Oportunidades de trabajo en el Ministerio - Forsyth Jail &amp; Prison Ministries","og_description":"Oportunidades de trabajo en el Ministerio Capell\u00e1n El Capell\u00e1n cumple las responsabilidades ministeriales y program\u00e1ticas asignadas en diversos lugares: el centro de detenci\u00f3n, el centro penitenciario, las iglesias y la comunidad en general. El centro de detenci\u00f3n y el centro correccional de Winston-Salem son los principales lugares de servicio. El Capell\u00e1n presta servicios directos a [&hellip;]","og_url":"https:\/\/forsythjpm.org\/es\/oportunidades-de-trabajo-en-el-ministerio\/","og_site_name":"Forsyth Jail &amp; Prison Ministries","article_publisher":"https:\/\/www.facebook.com\/Forsyth-Jail-and-Prison-Ministries-173912358447\/","article_modified_time":"2026-02-05T19:43:54+00:00","og_image":[{"width":1200,"height":600,"url":"https:\/\/forsythjpm.org\/wp-content\/uploads\/2022\/10\/fjpm-facebook.jpg","type":"image\/jpeg"}],"twitter_card":"summary_large_image","twitter_site":"@insidefjpm","twitter_misc":{"Tiempo de lectura":"1 minuto"},"schema":{"@context":"https:\/\/schema.org","@graph":[{"@type":"WebPage","@id":"https:\/\/forsythjpm.org\/es\/oportunidades-de-trabajo-en-el-ministerio\/","url":"https:\/\/forsythjpm.org\/es\/oportunidades-de-trabajo-en-el-ministerio\/","name":"Oportunidades de trabajo en el Ministerio - Forsyth Jail &amp; Prison Ministries","isPartOf":{"@id":"https:\/\/forsythjpm.org\/es\/#website"},"datePublished":"2023-10-09T17:39:14+00:00","dateModified":"2026-02-05T19:43:54+00:00","breadcrumb":{"@id":"https:\/\/forsythjpm.org\/es\/oportunidades-de-trabajo-en-el-ministerio\/#breadcrumb"},"inLanguage":"es","potentialAction":[{"@type":"ReadAction","target":["https:\/\/forsythjpm.org\/es\/oportunidades-de-trabajo-en-el-ministerio\/"]}]},{"@type":"BreadcrumbList","@id":"https:\/\/forsythjpm.org\/es\/oportunidades-de-trabajo-en-el-ministerio\/#breadcrumb","itemListElement":[{"@type":"ListItem","position":1,"name":"Home","item":"https:\/\/forsythjpm.org\/es\/"},{"@type":"ListItem","position":2,"name":"Oportunidades de trabajo en el Ministerio"}]},{"@type":"WebSite","@id":"https:\/\/forsythjpm.org\/es\/#website","url":"https:\/\/forsythjpm.org\/es\/","name":"Forsyth Jail &amp; Prison Ministries","description":"Helping inmates prepare for a life outside of prison.","publisher":{"@id":"https:\/\/forsythjpm.org\/es\/#organization"},"potentialAction":[{"@type":"SearchAction","target":{"@type":"EntryPoint","urlTemplate":"https:\/\/forsythjpm.org\/es\/?s={search_term_string}"},"query-input":{"@type":"PropertyValueSpecification","valueRequired":true,"valueName":"search_term_string"}}],"inLanguage":"es"},{"@type":"Organization","@id":"https:\/\/forsythjpm.org\/es\/#organization","name":"Forsyth Jail & Prison Ministries","url":"https:\/\/forsythjpm.org\/es\/","logo":{"@type":"ImageObject","inLanguage":"es","@id":"https:\/\/forsythjpm.org\/es\/#\/schema\/logo\/image\/","url":"https:\/\/forsythjpm.org\/wp-content\/uploads\/2022\/10\/forsyth-color-logo.png","contentUrl":"https:\/\/forsythjpm.org\/wp-content\/uploads\/2022\/10\/forsyth-color-logo.png","width":800,"height":271,"caption":"Forsyth Jail & Prison Ministries"},"image":{"@id":"https:\/\/forsythjpm.org\/es\/#\/schema\/logo\/image\/"},"sameAs":["https:\/\/www.facebook.com\/Forsyth-Jail-and-Prison-Ministries-173912358447\/","https:\/\/x.com\/insidefjpm","https:\/\/www.instagram.com\/insidefjpm\/"]}]}},"meta_box":[],"_links":{"self":[{"href":"https:\/\/forsythjpm.org\/es\/wp-json\/wp\/v2\/pages\/4957","targetHints":{"allow":["GET"]}}],"collection":[{"href":"https:\/\/forsythjpm.org\/es\/wp-json\/wp\/v2\/pages"}],"about":[{"href":"https:\/\/forsythjpm.org\/es\/wp-json\/wp\/v2\/types\/page"}],"author":[{"embeddable":true,"href":"https:\/\/forsythjpm.org\/es\/wp-json\/wp\/v2\/users\/1"}],"replies":[{"embeddable":true,"href":"https:\/\/forsythjpm.org\/es\/wp-json\/wp\/v2\/comments?post=4957"}],"version-history":[{"count":11,"href":"https:\/\/forsythjpm.org\/es\/wp-json\/wp\/v2\/pages\/4957\/revisions"}],"predecessor-version":[{"id":6038,"href":"https:\/\/forsythjpm.org\/es\/wp-json\/wp\/v2\/pages\/4957\/revisions\/6038"}],"wp:attachment":[{"href":"https:\/\/forsythjpm.org\/es\/wp-json\/wp\/v2\/media?parent=4957"}],"curies":[{"name":"wp","href":"https:\/\/api.w.org\/{rel}","templated":true}]}}