{"id":4956,"date":"2022-07-04T12:54:11","date_gmt":"2022-07-04T16:54:11","guid":{"rendered":"https:\/\/forsythjpm.org\/formacion-de-voluntarios\/"},"modified":"2026-03-03T12:23:03","modified_gmt":"2026-03-03T17:23:03","slug":"formacion-de-voluntarios","status":"publish","type":"page","link":"https:\/\/forsythjpm.org\/es\/formacion-de-voluntarios\/","title":{"rendered":"Formaci\u00f3n de Voluntarios"},"content":{"rendered":"\t\t<div data-elementor-type=\"wp-page\" data-elementor-id=\"4956\" class=\"elementor elementor-4956 elementor-2509\" data-elementor-post-type=\"page\">\n\t\t\t\t\t\t<section class=\"ob-is-breaking-bad elementor-section elementor-top-section elementor-element elementor-element-f204d2c elementor-section-boxed elementor-section-height-default elementor-section-height-default\" data-id=\"f204d2c\" data-element_type=\"section\" data-e-type=\"section\" data-settings=\"{&quot;_ob_bbad_use_it&quot;:&quot;yes&quot;,&quot;_ob_bbad_sssic_use&quot;:&quot;no&quot;,&quot;_ob_glider_is_slider&quot;:&quot;no&quot;}\">\n\t\t\t\t\t\t<div class=\"elementor-container elementor-column-gap-default\">\n\t\t\t\t\t<div class=\"elementor-column elementor-col-50 elementor-top-column elementor-element elementor-element-f091657\" data-id=\"f091657\" data-element_type=\"column\" data-e-type=\"column\" data-settings=\"{&quot;_ob_bbad_is_stalker&quot;:&quot;no&quot;,&quot;_ob_teleporter_use&quot;:false,&quot;_ob_column_hoveranimator&quot;:&quot;no&quot;,&quot;_ob_column_has_pseudo&quot;:&quot;no&quot;}\">\n\t\t\t<div class=\"elementor-widget-wrap elementor-element-populated\">\n\t\t\t\t\t\t<div class=\"elementor-element elementor-element-7f8fbc1 ob-harakiri-inherit ob-has-background-overlay elementor-widget elementor-widget-heading\" data-id=\"7f8fbc1\" data-element_type=\"widget\" data-e-type=\"widget\" data-settings=\"{&quot;_ob_use_harakiri&quot;:&quot;yes&quot;,&quot;_ob_harakiri_writing_mode&quot;:&quot;inherit&quot;,&quot;_ob_harakiri_text_clip&quot;:&quot;none&quot;,&quot;_ob_perspektive_use&quot;:&quot;no&quot;,&quot;_ob_poopart_use&quot;:&quot;yes&quot;,&quot;_ob_shadough_use&quot;:&quot;no&quot;,&quot;_ob_allow_hoveranimator&quot;:&quot;no&quot;,&quot;_ob_widget_stalker_use&quot;:&quot;no&quot;}\" data-widget_type=\"heading.default\">\n\t\t\t\t<div class=\"elementor-widget-container\">\n\t\t\t\t\t<h1 class=\"elementor-heading-title elementor-size-default\">Formaci\u00f3n de Voluntarios<\/h1>\t\t\t\t<\/div>\n\t\t\t\t<\/div>\n\t\t\t\t\t<\/div>\n\t\t<\/div>\n\t\t\t\t<div class=\"elementor-column elementor-col-50 elementor-top-column elementor-element elementor-element-3bb7f2e\" data-id=\"3bb7f2e\" data-element_type=\"column\" data-e-type=\"column\" data-settings=\"{&quot;_ob_bbad_is_stalker&quot;:&quot;no&quot;,&quot;_ob_teleporter_use&quot;:false,&quot;_ob_column_hoveranimator&quot;:&quot;no&quot;,&quot;_ob_column_has_pseudo&quot;:&quot;no&quot;}\">\n\t\t\t<div class=\"elementor-widget-wrap elementor-element-populated\">\n\t\t\t\t\t\t<div class=\"elementor-element elementor-element-8823775 elementor-align-right elementor-mobile-align-justify ob-has-background-overlay elementor-widget elementor-widget-button\" data-id=\"8823775\" data-element_type=\"widget\" data-e-type=\"widget\" data-settings=\"{&quot;_ob_butterbutton_use_it&quot;:&quot;no&quot;,&quot;_ob_perspektive_use&quot;:&quot;no&quot;,&quot;_ob_poopart_use&quot;:&quot;yes&quot;,&quot;_ob_shadough_use&quot;:&quot;no&quot;,&quot;_ob_allow_hoveranimator&quot;:&quot;no&quot;,&quot;_ob_widget_stalker_use&quot;:&quot;no&quot;}\" data-widget_type=\"button.default\">\n\t\t\t\t<div class=\"elementor-widget-container\">\n\t\t\t\t\t\t\t\t\t<div class=\"elementor-button-wrapper\">\n\t\t\t\t\t<a class=\"elementor-button elementor-button-link elementor-size-sm\" href=\"https:\/\/forsythjpm.org\/wp-content\/uploads\/2022\/07\/Jail_Volunteer_Handbook_2022-1.pdf\">\n\t\t\t\t\t\t<span class=\"elementor-button-content-wrapper\">\n\t\t\t\t\t\t\t\t\t<span class=\"elementor-button-text\">Descargar el Manual del Voluntario<\/span>\n\t\t\t\t\t<\/span>\n\t\t\t\t\t<\/a>\n\t\t\t\t<\/div>\n\t\t\t\t\t\t\t\t<\/div>\n\t\t\t\t<\/div>\n\t\t\t\t\t<\/div>\n\t\t<\/div>\n\t\t\t\t\t<\/div>\n\t\t<\/section>\n\t\t\t\t<section class=\"ob-is-breaking-bad elementor-section elementor-top-section elementor-element elementor-element-1fe315c elementor-section-boxed elementor-section-height-default elementor-section-height-default\" data-id=\"1fe315c\" data-element_type=\"section\" data-e-type=\"section\" data-settings=\"{&quot;background_background&quot;:&quot;classic&quot;,&quot;_ob_bbad_use_it&quot;:&quot;yes&quot;,&quot;_ob_bbad_sssic_use&quot;:&quot;no&quot;,&quot;_ob_glider_is_slider&quot;:&quot;no&quot;}\">\n\t\t\t\t\t\t<div class=\"elementor-container elementor-column-gap-default\">\n\t\t\t\t\t<div class=\"elementor-column elementor-col-100 elementor-top-column elementor-element elementor-element-76685f0\" data-id=\"76685f0\" data-element_type=\"column\" data-e-type=\"column\" data-settings=\"{&quot;_ob_bbad_is_stalker&quot;:&quot;no&quot;,&quot;_ob_teleporter_use&quot;:false,&quot;_ob_column_hoveranimator&quot;:&quot;no&quot;,&quot;_ob_column_has_pseudo&quot;:&quot;no&quot;}\">\n\t\t\t<div class=\"elementor-widget-wrap elementor-element-populated\">\n\t\t\t\t\t\t<div class=\"elementor-element elementor-element-878c432 ob-harakiri-inherit ob-has-background-overlay elementor-widget elementor-widget-heading\" data-id=\"878c432\" data-element_type=\"widget\" data-e-type=\"widget\" data-settings=\"{&quot;_ob_use_harakiri&quot;:&quot;yes&quot;,&quot;_ob_harakiri_writing_mode&quot;:&quot;inherit&quot;,&quot;_ob_harakiri_text_clip&quot;:&quot;none&quot;,&quot;_ob_perspektive_use&quot;:&quot;no&quot;,&quot;_ob_poopart_use&quot;:&quot;yes&quot;,&quot;_ob_shadough_use&quot;:&quot;no&quot;,&quot;_ob_allow_hoveranimator&quot;:&quot;no&quot;,&quot;_ob_widget_stalker_use&quot;:&quot;no&quot;}\" data-widget_type=\"heading.default\">\n\t\t\t\t<div class=\"elementor-widget-container\">\n\t\t\t\t\t<h2 class=\"elementor-heading-title elementor-size-default\">Aviso importante<\/h2>\t\t\t\t<\/div>\n\t\t\t\t<\/div>\n\t\t\t\t<div class=\"elementor-element elementor-element-12526dc ob-harakiri-inherit ob-has-background-overlay elementor-widget elementor-widget-text-editor\" data-id=\"12526dc\" data-element_type=\"widget\" data-e-type=\"widget\" data-settings=\"{&quot;_ob_use_harakiri&quot;:&quot;yes&quot;,&quot;_ob_harakiri_writing_mode&quot;:&quot;inherit&quot;,&quot;_ob_postman_use&quot;:&quot;no&quot;,&quot;_ob_perspektive_use&quot;:&quot;no&quot;,&quot;_ob_poopart_use&quot;:&quot;yes&quot;,&quot;_ob_shadough_use&quot;:&quot;no&quot;,&quot;_ob_allow_hoveranimator&quot;:&quot;no&quot;,&quot;_ob_widget_stalker_use&quot;:&quot;no&quot;}\" data-widget_type=\"text-editor.default\">\n\t\t\t\t<div class=\"elementor-widget-container\">\n\t\t\t\t\t\t\t\t\t<p>Todos los voluntarios que presten servicio en la c\u00e1rcel deben renovar su condici\u00f3n de voluntarios asistiendo a una sesi\u00f3n de formaci\u00f3n anual a <strong>m\u00e1s tardar el mismo mes de su \u00faltima fecha de formaci\u00f3n.<\/strong> DEBES PRESENTAR UNA FOTOCOPIA de tu carn\u00e9 de conducir o documento de identidad con foto junto con tu solicitud.<\/p>\t\t\t\t\t\t\t\t<\/div>\n\t\t\t\t<\/div>\n\t\t\t\t\t<\/div>\n\t\t<\/div>\n\t\t\t\t\t<\/div>\n\t\t<\/section>\n\t\t\t\t<section class=\"ob-is-breaking-bad elementor-section elementor-top-section elementor-element elementor-element-6bc5ca3d elementor-section-boxed elementor-section-height-default elementor-section-height-default\" data-id=\"6bc5ca3d\" data-element_type=\"section\" data-e-type=\"section\" data-settings=\"{&quot;_ob_bbad_use_it&quot;:&quot;yes&quot;,&quot;_ob_bbad_sssic_use&quot;:&quot;no&quot;,&quot;_ob_glider_is_slider&quot;:&quot;no&quot;}\">\n\t\t\t\t\t\t<div class=\"elementor-container elementor-column-gap-default\">\n\t\t\t\t\t<div class=\"elementor-column elementor-col-50 elementor-top-column elementor-element elementor-element-3ec44b29\" data-id=\"3ec44b29\" data-element_type=\"column\" data-e-type=\"column\" data-settings=\"{&quot;_ob_bbad_is_stalker&quot;:&quot;no&quot;,&quot;_ob_teleporter_use&quot;:false,&quot;_ob_column_hoveranimator&quot;:&quot;no&quot;,&quot;_ob_column_has_pseudo&quot;:&quot;no&quot;}\">\n\t\t\t<div class=\"elementor-widget-wrap elementor-element-populated\">\n\t\t\t\t\t\t<div class=\"elementor-element elementor-element-703fbd2b ob-harakiri-inherit ob-has-background-overlay elementor-widget elementor-widget-heading\" data-id=\"703fbd2b\" data-element_type=\"widget\" data-e-type=\"widget\" data-settings=\"{&quot;_ob_use_harakiri&quot;:&quot;yes&quot;,&quot;_ob_harakiri_writing_mode&quot;:&quot;inherit&quot;,&quot;_ob_harakiri_text_clip&quot;:&quot;none&quot;,&quot;_ob_perspektive_use&quot;:&quot;no&quot;,&quot;_ob_poopart_use&quot;:&quot;yes&quot;,&quot;_ob_shadough_use&quot;:&quot;no&quot;,&quot;_ob_allow_hoveranimator&quot;:&quot;no&quot;,&quot;_ob_widget_stalker_use&quot;:&quot;no&quot;}\" data-widget_type=\"heading.default\">\n\t\t\t\t<div class=\"elementor-widget-container\">\n\t\t\t\t\t<h2 class=\"elementor-heading-title elementor-size-default\">Sesiones de formaci\u00f3n en la c\u00e1rcel:<\/h2>\t\t\t\t<\/div>\n\t\t\t\t<\/div>\n\t\t\t\t<div class=\"elementor-element elementor-element-22e2ed37 ob-harakiri-inherit ob-has-background-overlay elementor-widget elementor-widget-text-editor\" data-id=\"22e2ed37\" data-element_type=\"widget\" data-e-type=\"widget\" data-settings=\"{&quot;_ob_use_harakiri&quot;:&quot;yes&quot;,&quot;_ob_harakiri_writing_mode&quot;:&quot;inherit&quot;,&quot;_ob_postman_use&quot;:&quot;no&quot;,&quot;_ob_perspektive_use&quot;:&quot;no&quot;,&quot;_ob_poopart_use&quot;:&quot;yes&quot;,&quot;_ob_shadough_use&quot;:&quot;no&quot;,&quot;_ob_allow_hoveranimator&quot;:&quot;no&quot;,&quot;_ob_widget_stalker_use&quot;:&quot;no&quot;}\" data-widget_type=\"text-editor.default\">\n\t\t\t\t<div class=\"elementor-widget-container\">\n\t\t\t\t\t\t\t\t\t<p>Las sesiones de formaci\u00f3n en la c\u00e1rcel son para las iglesias actualmente aprobadas.<\/p><p>Aviso importante: Todos los voluntarios de la c\u00e1rcel deben renovar su condici\u00f3n de voluntarios asistiendo a una sesi\u00f3n de formaci\u00f3n anual a m\u00e1s tardar el mismo mes de su \u00faltima fecha de formaci\u00f3n. Si no lo has hecho ya en sesiones de formaci\u00f3n anteriores, recuerda TRAER UNA FOTOCOPIA de tu carn\u00e9 de conducir o documento de identidad con fotograf\u00eda para adjuntarlo a tu solicitud.<\/p><ul><li>Domingo, 25 de enero de 2026, 15.00 h &#8211; Iglesia de Reynolda (2200 Reynolda Rd, W-S)<\/li><li>Domingo, 19 de abril de 2026, 15.00 h &#8211; College Park Baptist (1701 Polo Rd, W-S)<\/li><li>Domingo, 18 de octubre de 2026, 15.00 h &#8211; WOC de San Pedro (3683 Old Lexington Rd, W-S)<\/li><\/ul>\t\t\t\t\t\t\t\t<\/div>\n\t\t\t\t<\/div>\n\t\t\t\t\t<\/div>\n\t\t<\/div>\n\t\t\t\t<div class=\"elementor-column elementor-col-50 elementor-top-column elementor-element elementor-element-10e534b\" data-id=\"10e534b\" data-element_type=\"column\" data-e-type=\"column\" data-settings=\"{&quot;_ob_bbad_is_stalker&quot;:&quot;no&quot;,&quot;_ob_teleporter_use&quot;:false,&quot;_ob_column_hoveranimator&quot;:&quot;no&quot;,&quot;_ob_column_has_pseudo&quot;:&quot;no&quot;}\">\n\t\t\t<div class=\"elementor-widget-wrap elementor-element-populated\">\n\t\t\t\t\t\t<div class=\"elementor-element elementor-element-341cafb ob-harakiri-inherit ob-has-background-overlay elementor-widget elementor-widget-heading\" data-id=\"341cafb\" data-element_type=\"widget\" data-e-type=\"widget\" data-settings=\"{&quot;_ob_use_harakiri&quot;:&quot;yes&quot;,&quot;_ob_harakiri_writing_mode&quot;:&quot;inherit&quot;,&quot;_ob_harakiri_text_clip&quot;:&quot;none&quot;,&quot;_ob_perspektive_use&quot;:&quot;no&quot;,&quot;_ob_poopart_use&quot;:&quot;yes&quot;,&quot;_ob_shadough_use&quot;:&quot;no&quot;,&quot;_ob_allow_hoveranimator&quot;:&quot;no&quot;,&quot;_ob_widget_stalker_use&quot;:&quot;no&quot;}\" data-widget_type=\"heading.default\">\n\t\t\t\t<div class=\"elementor-widget-container\">\n\t\t\t\t\t<h2 class=\"elementor-heading-title elementor-size-default\">Sesiones de formaci\u00f3n en prisiones:  <\/h2>\t\t\t\t<\/div>\n\t\t\t\t<\/div>\n\t\t\t\t<div class=\"elementor-element elementor-element-2c638c38 ob-harakiri-inherit ob-has-background-overlay elementor-widget elementor-widget-text-editor\" data-id=\"2c638c38\" data-element_type=\"widget\" data-e-type=\"widget\" data-settings=\"{&quot;_ob_use_harakiri&quot;:&quot;yes&quot;,&quot;_ob_harakiri_writing_mode&quot;:&quot;inherit&quot;,&quot;_ob_postman_use&quot;:&quot;no&quot;,&quot;_ob_perspektive_use&quot;:&quot;no&quot;,&quot;_ob_poopart_use&quot;:&quot;yes&quot;,&quot;_ob_shadough_use&quot;:&quot;no&quot;,&quot;_ob_allow_hoveranimator&quot;:&quot;no&quot;,&quot;_ob_widget_stalker_use&quot;:&quot;no&quot;}\" data-widget_type=\"text-editor.default\">\n\t\t\t\t<div class=\"elementor-widget-container\">\n\t\t\t\t\t\t\t\t\t<ul>Los cursos de formaci\u00f3n en prisiones se celebran trimestralmente cada a\u00f1o, pero las fechas no est\u00e1n prefijadas a principios de a\u00f1o. Ponte en contacto con la Sra. Moss, Supervisora del Programa DPS, para m\u00e1s detalles sobre c\u00f3mo hacerte voluntario.<\/ul><ul><li>Fechas 2026:<ul><li>7 de febrero, 8 h<\/li><li>Fecha de abril por determinar<\/li><li>Fecha de julio por determinar<\/li><li>Fecha de octubre por determinar<\/li><\/ul><\/li><\/ul>\t\t\t\t\t\t\t\t<\/div>\n\t\t\t\t<\/div>\n\t\t\t\t\t<\/div>\n\t\t<\/div>\n\t\t\t\t\t<\/div>\n\t\t<\/section>\n\t\t\t\t<\/div>\n\t\t","protected":false},"excerpt":{"rendered":"<p>Formaci\u00f3n de Voluntarios Descargar el Manual del Voluntario Aviso importante Todos los voluntarios que presten servicio en la c\u00e1rcel deben renovar su condici\u00f3n de voluntarios asistiendo a una sesi\u00f3n de formaci\u00f3n anual a m\u00e1s tardar el mismo mes de su \u00faltima fecha de formaci\u00f3n. DEBES PRESENTAR UNA FOTOCOPIA de tu carn\u00e9 de conducir o documento [&hellip;]<\/p>\n","protected":false},"author":1,"featured_media":0,"parent":0,"menu_order":0,"comment_status":"closed","ping_status":"closed","template":"","meta":{"footnotes":""},"class_list":["post-4956","page","type-page","status-publish","hentry"],"yoast_head":"<!-- This site is optimized with the Yoast SEO plugin v27.4 - https:\/\/yoast.com\/product\/yoast-seo-wordpress\/ -->\n<title>Formaci\u00f3n de Voluntarios | Forsyth Jail &amp; Prison Ministries<\/title>\n<meta name=\"description\" content=\"La formaci\u00f3n de los voluntarios se imparte peri\u00f3dicamente a lo largo del a\u00f1o para prepararlos antes de que entren en la c\u00e1rcel o prisi\u00f3n.\" \/>\n<meta name=\"robots\" content=\"index, follow, max-snippet:-1, max-image-preview:large, max-video-preview:-1\" \/>\n<link rel=\"canonical\" href=\"https:\/\/forsythjpm.org\/es\/formacion-de-voluntarios\/\" \/>\n<meta property=\"og:locale\" content=\"es_ES\" \/>\n<meta property=\"og:type\" content=\"article\" \/>\n<meta property=\"og:title\" content=\"Formaci\u00f3n de Voluntarios | Forsyth Jail &amp; Prison Ministries\" \/>\n<meta property=\"og:description\" content=\"La formaci\u00f3n de los voluntarios se imparte peri\u00f3dicamente a lo largo del a\u00f1o para prepararlos antes de que entren en la c\u00e1rcel o prisi\u00f3n.\" \/>\n<meta property=\"og:url\" content=\"https:\/\/forsythjpm.org\/es\/formacion-de-voluntarios\/\" \/>\n<meta property=\"og:site_name\" content=\"Forsyth Jail &amp; Prison Ministries\" \/>\n<meta property=\"article:publisher\" content=\"https:\/\/www.facebook.com\/Forsyth-Jail-and-Prison-Ministries-173912358447\/\" \/>\n<meta property=\"article:modified_time\" content=\"2026-03-03T17:23:03+00:00\" \/>\n<meta property=\"og:image\" content=\"https:\/\/forsythjpm.org\/wp-content\/uploads\/2022\/10\/fjpm-facebook.jpg\" \/>\n\t<meta property=\"og:image:width\" content=\"1200\" \/>\n\t<meta property=\"og:image:height\" content=\"600\" \/>\n\t<meta property=\"og:image:type\" content=\"image\/jpeg\" \/>\n<meta name=\"twitter:card\" content=\"summary_large_image\" \/>\n<meta name=\"twitter:site\" content=\"@insidefjpm\" \/>\n<meta name=\"twitter:label1\" content=\"Tiempo de lectura\" \/>\n\t<meta name=\"twitter:data1\" content=\"1 minuto\" \/>\n<script type=\"application\/ld+json\" class=\"yoast-schema-graph\">{\"@context\":\"https:\\\/\\\/schema.org\",\"@graph\":[{\"@type\":\"WebPage\",\"@id\":\"https:\\\/\\\/forsythjpm.org\\\/es\\\/formacion-de-voluntarios\\\/\",\"url\":\"https:\\\/\\\/forsythjpm.org\\\/es\\\/formacion-de-voluntarios\\\/\",\"name\":\"Formaci\u00f3n de Voluntarios | Forsyth Jail & Prison Ministries\",\"isPartOf\":{\"@id\":\"https:\\\/\\\/forsythjpm.org\\\/es\\\/#website\"},\"datePublished\":\"2022-07-04T16:54:11+00:00\",\"dateModified\":\"2026-03-03T17:23:03+00:00\",\"description\":\"La formaci\u00f3n de los voluntarios se imparte peri\u00f3dicamente a lo largo del a\u00f1o para prepararlos antes de que entren en la c\u00e1rcel o prisi\u00f3n.\",\"breadcrumb\":{\"@id\":\"https:\\\/\\\/forsythjpm.org\\\/es\\\/formacion-de-voluntarios\\\/#breadcrumb\"},\"inLanguage\":\"es\",\"potentialAction\":[{\"@type\":\"ReadAction\",\"target\":[\"https:\\\/\\\/forsythjpm.org\\\/es\\\/formacion-de-voluntarios\\\/\"]}]},{\"@type\":\"BreadcrumbList\",\"@id\":\"https:\\\/\\\/forsythjpm.org\\\/es\\\/formacion-de-voluntarios\\\/#breadcrumb\",\"itemListElement\":[{\"@type\":\"ListItem\",\"position\":1,\"name\":\"Home\",\"item\":\"https:\\\/\\\/forsythjpm.org\\\/es\\\/\"},{\"@type\":\"ListItem\",\"position\":2,\"name\":\"Formaci\u00f3n de Voluntarios\"}]},{\"@type\":\"WebSite\",\"@id\":\"https:\\\/\\\/forsythjpm.org\\\/es\\\/#website\",\"url\":\"https:\\\/\\\/forsythjpm.org\\\/es\\\/\",\"name\":\"Forsyth Jail &amp; Prison Ministries\",\"description\":\"Helping inmates prepare for a life outside of prison.\",\"publisher\":{\"@id\":\"https:\\\/\\\/forsythjpm.org\\\/es\\\/#organization\"},\"potentialAction\":[{\"@type\":\"SearchAction\",\"target\":{\"@type\":\"EntryPoint\",\"urlTemplate\":\"https:\\\/\\\/forsythjpm.org\\\/es\\\/?s={search_term_string}\"},\"query-input\":{\"@type\":\"PropertyValueSpecification\",\"valueRequired\":true,\"valueName\":\"search_term_string\"}}],\"inLanguage\":\"es\"},{\"@type\":\"Organization\",\"@id\":\"https:\\\/\\\/forsythjpm.org\\\/es\\\/#organization\",\"name\":\"Forsyth Jail & Prison Ministries\",\"url\":\"https:\\\/\\\/forsythjpm.org\\\/es\\\/\",\"logo\":{\"@type\":\"ImageObject\",\"inLanguage\":\"es\",\"@id\":\"https:\\\/\\\/forsythjpm.org\\\/es\\\/#\\\/schema\\\/logo\\\/image\\\/\",\"url\":\"https:\\\/\\\/forsythjpm.org\\\/wp-content\\\/uploads\\\/2022\\\/10\\\/forsyth-color-logo.png\",\"contentUrl\":\"https:\\\/\\\/forsythjpm.org\\\/wp-content\\\/uploads\\\/2022\\\/10\\\/forsyth-color-logo.png\",\"width\":800,\"height\":271,\"caption\":\"Forsyth Jail & Prison Ministries\"},\"image\":{\"@id\":\"https:\\\/\\\/forsythjpm.org\\\/es\\\/#\\\/schema\\\/logo\\\/image\\\/\"},\"sameAs\":[\"https:\\\/\\\/www.facebook.com\\\/Forsyth-Jail-and-Prison-Ministries-173912358447\\\/\",\"https:\\\/\\\/x.com\\\/insidefjpm\",\"https:\\\/\\\/www.instagram.com\\\/insidefjpm\\\/\"]}]}<\/script>\n<!-- \/ Yoast SEO plugin. -->","yoast_head_json":{"title":"Formaci\u00f3n de Voluntarios | Forsyth Jail & Prison Ministries","description":"La formaci\u00f3n de los voluntarios se imparte peri\u00f3dicamente a lo largo del a\u00f1o para prepararlos antes de que entren en la c\u00e1rcel o prisi\u00f3n.","robots":{"index":"index","follow":"follow","max-snippet":"max-snippet:-1","max-image-preview":"max-image-preview:large","max-video-preview":"max-video-preview:-1"},"canonical":"https:\/\/forsythjpm.org\/es\/formacion-de-voluntarios\/","og_locale":"es_ES","og_type":"article","og_title":"Formaci\u00f3n de Voluntarios | Forsyth Jail & Prison Ministries","og_description":"La formaci\u00f3n de los voluntarios se imparte peri\u00f3dicamente a lo largo del a\u00f1o para prepararlos antes de que entren en la c\u00e1rcel o prisi\u00f3n.","og_url":"https:\/\/forsythjpm.org\/es\/formacion-de-voluntarios\/","og_site_name":"Forsyth Jail &amp; Prison Ministries","article_publisher":"https:\/\/www.facebook.com\/Forsyth-Jail-and-Prison-Ministries-173912358447\/","article_modified_time":"2026-03-03T17:23:03+00:00","og_image":[{"width":1200,"height":600,"url":"https:\/\/forsythjpm.org\/wp-content\/uploads\/2022\/10\/fjpm-facebook.jpg","type":"image\/jpeg"}],"twitter_card":"summary_large_image","twitter_site":"@insidefjpm","twitter_misc":{"Tiempo de lectura":"1 minuto"},"schema":{"@context":"https:\/\/schema.org","@graph":[{"@type":"WebPage","@id":"https:\/\/forsythjpm.org\/es\/formacion-de-voluntarios\/","url":"https:\/\/forsythjpm.org\/es\/formacion-de-voluntarios\/","name":"Formaci\u00f3n de Voluntarios | Forsyth Jail & Prison Ministries","isPartOf":{"@id":"https:\/\/forsythjpm.org\/es\/#website"},"datePublished":"2022-07-04T16:54:11+00:00","dateModified":"2026-03-03T17:23:03+00:00","description":"La formaci\u00f3n de los voluntarios se imparte peri\u00f3dicamente a lo largo del a\u00f1o para prepararlos antes de que entren en la c\u00e1rcel o prisi\u00f3n.","breadcrumb":{"@id":"https:\/\/forsythjpm.org\/es\/formacion-de-voluntarios\/#breadcrumb"},"inLanguage":"es","potentialAction":[{"@type":"ReadAction","target":["https:\/\/forsythjpm.org\/es\/formacion-de-voluntarios\/"]}]},{"@type":"BreadcrumbList","@id":"https:\/\/forsythjpm.org\/es\/formacion-de-voluntarios\/#breadcrumb","itemListElement":[{"@type":"ListItem","position":1,"name":"Home","item":"https:\/\/forsythjpm.org\/es\/"},{"@type":"ListItem","position":2,"name":"Formaci\u00f3n de Voluntarios"}]},{"@type":"WebSite","@id":"https:\/\/forsythjpm.org\/es\/#website","url":"https:\/\/forsythjpm.org\/es\/","name":"Forsyth Jail &amp; Prison Ministries","description":"Helping inmates prepare for a life outside of prison.","publisher":{"@id":"https:\/\/forsythjpm.org\/es\/#organization"},"potentialAction":[{"@type":"SearchAction","target":{"@type":"EntryPoint","urlTemplate":"https:\/\/forsythjpm.org\/es\/?s={search_term_string}"},"query-input":{"@type":"PropertyValueSpecification","valueRequired":true,"valueName":"search_term_string"}}],"inLanguage":"es"},{"@type":"Organization","@id":"https:\/\/forsythjpm.org\/es\/#organization","name":"Forsyth Jail & Prison Ministries","url":"https:\/\/forsythjpm.org\/es\/","logo":{"@type":"ImageObject","inLanguage":"es","@id":"https:\/\/forsythjpm.org\/es\/#\/schema\/logo\/image\/","url":"https:\/\/forsythjpm.org\/wp-content\/uploads\/2022\/10\/forsyth-color-logo.png","contentUrl":"https:\/\/forsythjpm.org\/wp-content\/uploads\/2022\/10\/forsyth-color-logo.png","width":800,"height":271,"caption":"Forsyth Jail & Prison Ministries"},"image":{"@id":"https:\/\/forsythjpm.org\/es\/#\/schema\/logo\/image\/"},"sameAs":["https:\/\/www.facebook.com\/Forsyth-Jail-and-Prison-Ministries-173912358447\/","https:\/\/x.com\/insidefjpm","https:\/\/www.instagram.com\/insidefjpm\/"]}]}},"meta_box":[],"_links":{"self":[{"href":"https:\/\/forsythjpm.org\/es\/wp-json\/wp\/v2\/pages\/4956","targetHints":{"allow":["GET"]}}],"collection":[{"href":"https:\/\/forsythjpm.org\/es\/wp-json\/wp\/v2\/pages"}],"about":[{"href":"https:\/\/forsythjpm.org\/es\/wp-json\/wp\/v2\/types\/page"}],"author":[{"embeddable":true,"href":"https:\/\/forsythjpm.org\/es\/wp-json\/wp\/v2\/users\/1"}],"replies":[{"embeddable":true,"href":"https:\/\/forsythjpm.org\/es\/wp-json\/wp\/v2\/comments?post=4956"}],"version-history":[{"count":11,"href":"https:\/\/forsythjpm.org\/es\/wp-json\/wp\/v2\/pages\/4956\/revisions"}],"predecessor-version":[{"id":6052,"href":"https:\/\/forsythjpm.org\/es\/wp-json\/wp\/v2\/pages\/4956\/revisions\/6052"}],"wp:attachment":[{"href":"https:\/\/forsythjpm.org\/es\/wp-json\/wp\/v2\/media?parent=4956"}],"curies":[{"name":"wp","href":"https:\/\/api.w.org\/{rel}","templated":true}]}}